{"id":158,"date":"2025-10-29T15:59:11","date_gmt":"2025-10-29T15:59:11","guid":{"rendered":"https:\/\/veterinairedevillepey.com\/?page_id=158"},"modified":"2025-11-23T07:01:50","modified_gmt":"2025-11-23T07:01:50","slug":"home","status":"publish","type":"page","link":"https:\/\/veterinairedevillepey.com\/","title":{"rendered":""},"content":{"rendered":"\n<blockquote class=\"wp-block-quote is-layout-flow wp-block-quote-is-layout-flow\">\n<p>V\u00e9t\u00e9rinaire de Villepey est un cabinet&nbsp;<strong>ind\u00e9pendant.<\/strong> <\/p>\n\n\n\n<p>Notre objectif est uniquement le bien-\u00eatre et la sant\u00e9 de vos animaux.<\/p>\n<\/blockquote>\n\n\n\n<p class=\"has-text-align-center\"><strong>HORAIRES<\/strong><\/p>\n\n\n\n<p class=\"has-text-align-center\">Lundi 10h-22h<\/p>\n\n\n\n<p class=\"has-text-align-center\">Mardi ferm\u00e9<\/p>\n\n\n\n<p class=\"has-text-align-center\">Mercredi 10h-22h<\/p>\n\n\n\n<p class=\"has-text-align-center\">Jeudi 10h-22h<\/p>\n\n\n\n<p class=\"has-text-align-center\">Vendredi 10h-19h<\/p>\n\n\n\n<p class=\"has-text-align-center\">Samedi 10h-22h<\/p>\n\n\n\n<p class=\"has-text-align-center\">Dimanche 10h-22h<\/p>\n\n\n\n<p class=\"has-text-align-center\"><strong>Ouvert tous les jours feri\u00e9s<\/strong><\/p>\n\n\n\n<div class=\"wp-block-group is-content-justification-center is-nowrap is-layout-flex wp-container-core-group-is-layout-94bc23d7 wp-block-group-is-layout-flex\">\n<figure class=\"wp-block-video\"><video height=\"832\" style=\"aspect-ratio: 464 \/ 832;\" width=\"464\" controls src=\"https:\/\/veterinairedevillepey.com\/wp-content\/uploads\/2025\/11\/VIDEO-2025-11-20-21-27-36.mp4\"><\/video><\/figure>\n<\/div>\n","protected":false},"excerpt":{"rendered":"<p>V\u00e9t\u00e9rinaire de Villepey est un cabinet&nbsp;ind\u00e9pendant. Notre objectif est uniquement le bien-\u00eatre et la sant\u00e9 de vos animaux. HORAIRES Lundi 10h-22h Mardi ferm\u00e9 Mercredi 10h-22h Jeudi 10h-22h Vendredi 10h-19h Samedi 10h-22h Dimanche 10h-22h Ouvert tous les jours feri\u00e9s<\/p>\n","protected":false},"author":1,"featured_media":0,"parent":0,"menu_order":0,"comment_status":"closed","ping_status":"closed","template":"","meta":{"footnotes":""},"class_list":["post-158","page","type-page","status-publish","hentry"],"yoast_head":"<!-- This site is optimized with the Yoast SEO plugin v27.4 - https:\/\/yoast.com\/product\/yoast-seo-wordpress\/ -->\n<title>- V\u00e9t\u00e9rinaire de Villepey<\/title>\n<meta name=\"robots\" content=\"index, follow, max-snippet:-1, max-image-preview:large, max-video-preview:-1\" \/>\n<link rel=\"canonical\" href=\"https:\/\/veterinairedevillepey.com\/\" \/>\n<meta property=\"og:locale\" content=\"fr_FR\" \/>\n<meta property=\"og:type\" content=\"article\" \/>\n<meta property=\"og:title\" content=\"- V\u00e9t\u00e9rinaire de Villepey\" \/>\n<meta property=\"og:description\" content=\"V\u00e9t\u00e9rinaire de Villepey est un cabinet&nbsp;ind\u00e9pendant. Notre objectif est uniquement le bien-\u00eatre et la sant\u00e9 de vos animaux. HORAIRES Lundi 10h-22h Mardi ferm\u00e9 Mercredi 10h-22h Jeudi 10h-22h Vendredi 10h-19h Samedi 10h-22h Dimanche 10h-22h Ouvert tous les jours feri\u00e9s\" \/>\n<meta property=\"og:url\" content=\"https:\/\/veterinairedevillepey.com\/\" \/>\n<meta property=\"og:site_name\" content=\"V\u00e9t\u00e9rinaire de Villepey\" \/>\n<meta property=\"article:publisher\" content=\"https:\/\/www.facebook.com\/profile.php?id=100090119490429\" \/>\n<meta property=\"article:modified_time\" content=\"2025-11-23T07:01:50+00:00\" \/>\n<meta name=\"twitter:card\" content=\"summary_large_image\" \/>\n<script type=\"application\/ld+json\" class=\"yoast-schema-graph\">{\"@context\":\"https:\\\/\\\/schema.org\",\"@graph\":[{\"@type\":\"WebPage\",\"@id\":\"https:\\\/\\\/veterinairedevillepey.com\\\/\",\"url\":\"https:\\\/\\\/veterinairedevillepey.com\\\/\",\"name\":\"- V\u00e9t\u00e9rinaire de Villepey\",\"isPartOf\":{\"@id\":\"https:\\\/\\\/veterinairedevillepey.com\\\/#website\"},\"datePublished\":\"2025-10-29T15:59:11+00:00\",\"dateModified\":\"2025-11-23T07:01:50+00:00\",\"inLanguage\":\"fr-FR\",\"potentialAction\":[{\"@type\":\"ReadAction\",\"target\":[\"https:\\\/\\\/veterinairedevillepey.com\\\/\"]}]},{\"@type\":\"WebSite\",\"@id\":\"https:\\\/\\\/veterinairedevillepey.com\\\/#website\",\"url\":\"https:\\\/\\\/veterinairedevillepey.com\\\/\",\"name\":\"V\u00c9T\u00c9RINAIRE \u00c0 SAINT-AYGULF, V\u00e9t\u00e9rinaire de Villepey\",\"description\":\"Docteur v\u00e9t\u00e9rinaire Pierre Nicco\",\"publisher\":{\"@id\":\"https:\\\/\\\/veterinairedevillepey.com\\\/#organization\"},\"potentialAction\":[{\"@type\":\"SearchAction\",\"target\":{\"@type\":\"EntryPoint\",\"urlTemplate\":\"https:\\\/\\\/veterinairedevillepey.com\\\/?s={search_term_string}\"},\"query-input\":{\"@type\":\"PropertyValueSpecification\",\"valueRequired\":true,\"valueName\":\"search_term_string\"}}],\"inLanguage\":\"fr-FR\"},{\"@type\":\"Organization\",\"@id\":\"https:\\\/\\\/veterinairedevillepey.com\\\/#organization\",\"name\":\"SAINT-AYGULF, V\u00e9t\u00e9rinaire de Villepey\",\"url\":\"https:\\\/\\\/veterinairedevillepey.com\\\/\",\"logo\":{\"@type\":\"ImageObject\",\"inLanguage\":\"fr-FR\",\"@id\":\"https:\\\/\\\/veterinairedevillepey.com\\\/#\\\/schema\\\/logo\\\/image\\\/\",\"url\":\"https:\\\/\\\/veterinairedevillepey.com\\\/wp-content\\\/uploads\\\/2025\\\/10\\\/cropped-LogoVillepey.jpg\",\"contentUrl\":\"https:\\\/\\\/veterinairedevillepey.com\\\/wp-content\\\/uploads\\\/2025\\\/10\\\/cropped-LogoVillepey.jpg\",\"width\":499,\"height\":500,\"caption\":\"SAINT-AYGULF, V\u00e9t\u00e9rinaire de Villepey\"},\"image\":{\"@id\":\"https:\\\/\\\/veterinairedevillepey.com\\\/#\\\/schema\\\/logo\\\/image\\\/\"},\"sameAs\":[\"https:\\\/\\\/www.facebook.com\\\/profile.php?id=100090119490429\"]}]}<\/script>\n<!-- \/ Yoast SEO plugin. -->","yoast_head_json":{"title":"- V\u00e9t\u00e9rinaire de Villepey","robots":{"index":"index","follow":"follow","max-snippet":"max-snippet:-1","max-image-preview":"max-image-preview:large","max-video-preview":"max-video-preview:-1"},"canonical":"https:\/\/veterinairedevillepey.com\/","og_locale":"fr_FR","og_type":"article","og_title":"- V\u00e9t\u00e9rinaire de Villepey","og_description":"V\u00e9t\u00e9rinaire de Villepey est un cabinet&nbsp;ind\u00e9pendant. Notre objectif est uniquement le bien-\u00eatre et la sant\u00e9 de vos animaux. HORAIRES Lundi 10h-22h Mardi ferm\u00e9 Mercredi 10h-22h Jeudi 10h-22h Vendredi 10h-19h Samedi 10h-22h Dimanche 10h-22h Ouvert tous les jours feri\u00e9s","og_url":"https:\/\/veterinairedevillepey.com\/","og_site_name":"V\u00e9t\u00e9rinaire de Villepey","article_publisher":"https:\/\/www.facebook.com\/profile.php?id=100090119490429","article_modified_time":"2025-11-23T07:01:50+00:00","twitter_card":"summary_large_image","schema":{"@context":"https:\/\/schema.org","@graph":[{"@type":"WebPage","@id":"https:\/\/veterinairedevillepey.com\/","url":"https:\/\/veterinairedevillepey.com\/","name":"- V\u00e9t\u00e9rinaire de Villepey","isPartOf":{"@id":"https:\/\/veterinairedevillepey.com\/#website"},"datePublished":"2025-10-29T15:59:11+00:00","dateModified":"2025-11-23T07:01:50+00:00","inLanguage":"fr-FR","potentialAction":[{"@type":"ReadAction","target":["https:\/\/veterinairedevillepey.com\/"]}]},{"@type":"WebSite","@id":"https:\/\/veterinairedevillepey.com\/#website","url":"https:\/\/veterinairedevillepey.com\/","name":"V\u00c9T\u00c9RINAIRE \u00c0 SAINT-AYGULF, V\u00e9t\u00e9rinaire de Villepey","description":"Docteur v\u00e9t\u00e9rinaire Pierre Nicco","publisher":{"@id":"https:\/\/veterinairedevillepey.com\/#organization"},"potentialAction":[{"@type":"SearchAction","target":{"@type":"EntryPoint","urlTemplate":"https:\/\/veterinairedevillepey.com\/?s={search_term_string}"},"query-input":{"@type":"PropertyValueSpecification","valueRequired":true,"valueName":"search_term_string"}}],"inLanguage":"fr-FR"},{"@type":"Organization","@id":"https:\/\/veterinairedevillepey.com\/#organization","name":"SAINT-AYGULF, V\u00e9t\u00e9rinaire de Villepey","url":"https:\/\/veterinairedevillepey.com\/","logo":{"@type":"ImageObject","inLanguage":"fr-FR","@id":"https:\/\/veterinairedevillepey.com\/#\/schema\/logo\/image\/","url":"https:\/\/veterinairedevillepey.com\/wp-content\/uploads\/2025\/10\/cropped-LogoVillepey.jpg","contentUrl":"https:\/\/veterinairedevillepey.com\/wp-content\/uploads\/2025\/10\/cropped-LogoVillepey.jpg","width":499,"height":500,"caption":"SAINT-AYGULF, V\u00e9t\u00e9rinaire de Villepey"},"image":{"@id":"https:\/\/veterinairedevillepey.com\/#\/schema\/logo\/image\/"},"sameAs":["https:\/\/www.facebook.com\/profile.php?id=100090119490429"]}]}},"_links":{"self":[{"href":"https:\/\/veterinairedevillepey.com\/index.php?rest_route=\/wp\/v2\/pages\/158","targetHints":{"allow":["GET"]}}],"collection":[{"href":"https:\/\/veterinairedevillepey.com\/index.php?rest_route=\/wp\/v2\/pages"}],"about":[{"href":"https:\/\/veterinairedevillepey.com\/index.php?rest_route=\/wp\/v2\/types\/page"}],"author":[{"embeddable":true,"href":"https:\/\/veterinairedevillepey.com\/index.php?rest_route=\/wp\/v2\/users\/1"}],"replies":[{"embeddable":true,"href":"https:\/\/veterinairedevillepey.com\/index.php?rest_route=%2Fwp%2Fv2%2Fcomments&post=158"}],"version-history":[{"count":23,"href":"https:\/\/veterinairedevillepey.com\/index.php?rest_route=\/wp\/v2\/pages\/158\/revisions"}],"predecessor-version":[{"id":377,"href":"https:\/\/veterinairedevillepey.com\/index.php?rest_route=\/wp\/v2\/pages\/158\/revisions\/377"}],"wp:attachment":[{"href":"https:\/\/veterinairedevillepey.com\/index.php?rest_route=%2Fwp%2Fv2%2Fmedia&parent=158"}],"curies":[{"name":"wp","href":"https:\/\/api.w.org\/{rel}","templated":true}]}}