{"id":368,"date":"2025-11-11T19:20:28","date_gmt":"2025-11-11T19:20:28","guid":{"rendered":"https:\/\/veterinairedevillepey.com\/?page_id=368"},"modified":"2025-11-30T08:35:21","modified_gmt":"2025-11-30T08:35:21","slug":"urgences","status":"publish","type":"page","link":"https:\/\/veterinairedevillepey.com\/?page_id=368","title":{"rendered":"Urgences"},"content":{"rendered":"\n<p>Un probl\u00e8me de sant\u00e9 peut survenir \u00e0 tout moment. Notre cabinet prend en charge les urgences durant nos horaires d\u2019ouverture et vous conseille sur la d\u00e9marche \u00e0 suivre pour pr\u00e9parer l\u2019arriv\u00e9e de votre animal.<\/p>\n\n\n\n<p>T\u00e9l\u00e9phone urgences:\u00a0<strong>04 56 12 32 82<\/strong><\/p>\n","protected":false},"excerpt":{"rendered":"<p>Un probl\u00e8me de sant\u00e9 peut survenir \u00e0 tout moment. Notre cabinet prend en charge les urgences durant nos horaires d\u2019ouverture et vous conseille sur la d\u00e9marche \u00e0 suivre pour pr\u00e9parer l\u2019arriv\u00e9e de votre animal. T\u00e9l\u00e9phone urgences:\u00a004 56 12 32 82<\/p>\n","protected":false},"author":1,"featured_media":0,"parent":0,"menu_order":0,"comment_status":"closed","ping_status":"closed","template":"","meta":{"footnotes":""},"class_list":["post-368","page","type-page","status-publish","hentry"],"yoast_head":"<!-- This site is optimized with the Yoast SEO plugin v27.4 - https:\/\/yoast.com\/product\/yoast-seo-wordpress\/ -->\n<title>Urgences - V\u00e9t\u00e9rinaire de Villepey<\/title>\n<meta name=\"robots\" content=\"index, follow, max-snippet:-1, max-image-preview:large, max-video-preview:-1\" \/>\n<link rel=\"canonical\" href=\"https:\/\/veterinairedevillepey.com\/?page_id=368\" \/>\n<meta property=\"og:locale\" content=\"fr_FR\" \/>\n<meta property=\"og:type\" content=\"article\" \/>\n<meta property=\"og:title\" content=\"Urgences - V\u00e9t\u00e9rinaire de Villepey\" \/>\n<meta property=\"og:description\" content=\"Un probl\u00e8me de sant\u00e9 peut survenir \u00e0 tout moment. Notre cabinet prend en charge les urgences durant nos horaires d\u2019ouverture et vous conseille sur la d\u00e9marche \u00e0 suivre pour pr\u00e9parer l\u2019arriv\u00e9e de votre animal. T\u00e9l\u00e9phone urgences:\u00a004 56 12 32 82\" \/>\n<meta property=\"og:url\" content=\"https:\/\/veterinairedevillepey.com\/?page_id=368\" \/>\n<meta property=\"og:site_name\" content=\"V\u00e9t\u00e9rinaire de Villepey\" \/>\n<meta property=\"article:publisher\" content=\"https:\/\/www.facebook.com\/profile.php?id=100090119490429\" \/>\n<meta property=\"article:modified_time\" content=\"2025-11-30T08:35:21+00:00\" \/>\n<meta name=\"twitter:card\" content=\"summary_large_image\" \/>\n<meta name=\"twitter:label1\" content=\"Dur\u00e9e de lecture estim\u00e9e\" \/>\n\t<meta name=\"twitter:data1\" content=\"1 minute\" \/>\n<script type=\"application\/ld+json\" class=\"yoast-schema-graph\">{\"@context\":\"https:\\\/\\\/schema.org\",\"@graph\":[{\"@type\":\"WebPage\",\"@id\":\"https:\\\/\\\/veterinairedevillepey.com\\\/?page_id=368\",\"url\":\"https:\\\/\\\/veterinairedevillepey.com\\\/?page_id=368\",\"name\":\"Urgences - V\u00e9t\u00e9rinaire de Villepey\",\"isPartOf\":{\"@id\":\"https:\\\/\\\/veterinairedevillepey.com\\\/#website\"},\"datePublished\":\"2025-11-11T19:20:28+00:00\",\"dateModified\":\"2025-11-30T08:35:21+00:00\",\"breadcrumb\":{\"@id\":\"https:\\\/\\\/veterinairedevillepey.com\\\/?page_id=368#breadcrumb\"},\"inLanguage\":\"fr-FR\",\"potentialAction\":[{\"@type\":\"ReadAction\",\"target\":[\"https:\\\/\\\/veterinairedevillepey.com\\\/?page_id=368\"]}]},{\"@type\":\"BreadcrumbList\",\"@id\":\"https:\\\/\\\/veterinairedevillepey.com\\\/?page_id=368#breadcrumb\",\"itemListElement\":[{\"@type\":\"ListItem\",\"position\":1,\"name\":\"Accueil\",\"item\":\"https:\\\/\\\/veterinairedevillepey.com\\\/\"},{\"@type\":\"ListItem\",\"position\":2,\"name\":\"Urgences\"}]},{\"@type\":\"WebSite\",\"@id\":\"https:\\\/\\\/veterinairedevillepey.com\\\/#website\",\"url\":\"https:\\\/\\\/veterinairedevillepey.com\\\/\",\"name\":\"V\u00c9T\u00c9RINAIRE \u00c0 SAINT-AYGULF, V\u00e9t\u00e9rinaire de Villepey\",\"description\":\"Docteur v\u00e9t\u00e9rinaire Pierre Nicco\",\"publisher\":{\"@id\":\"https:\\\/\\\/veterinairedevillepey.com\\\/#organization\"},\"potentialAction\":[{\"@type\":\"SearchAction\",\"target\":{\"@type\":\"EntryPoint\",\"urlTemplate\":\"https:\\\/\\\/veterinairedevillepey.com\\\/?s={search_term_string}\"},\"query-input\":{\"@type\":\"PropertyValueSpecification\",\"valueRequired\":true,\"valueName\":\"search_term_string\"}}],\"inLanguage\":\"fr-FR\"},{\"@type\":\"Organization\",\"@id\":\"https:\\\/\\\/veterinairedevillepey.com\\\/#organization\",\"name\":\"SAINT-AYGULF, V\u00e9t\u00e9rinaire de Villepey\",\"url\":\"https:\\\/\\\/veterinairedevillepey.com\\\/\",\"logo\":{\"@type\":\"ImageObject\",\"inLanguage\":\"fr-FR\",\"@id\":\"https:\\\/\\\/veterinairedevillepey.com\\\/#\\\/schema\\\/logo\\\/image\\\/\",\"url\":\"https:\\\/\\\/veterinairedevillepey.com\\\/wp-content\\\/uploads\\\/2025\\\/10\\\/cropped-LogoVillepey.jpg\",\"contentUrl\":\"https:\\\/\\\/veterinairedevillepey.com\\\/wp-content\\\/uploads\\\/2025\\\/10\\\/cropped-LogoVillepey.jpg\",\"width\":499,\"height\":500,\"caption\":\"SAINT-AYGULF, V\u00e9t\u00e9rinaire de Villepey\"},\"image\":{\"@id\":\"https:\\\/\\\/veterinairedevillepey.com\\\/#\\\/schema\\\/logo\\\/image\\\/\"},\"sameAs\":[\"https:\\\/\\\/www.facebook.com\\\/profile.php?id=100090119490429\"]}]}<\/script>\n<!-- \/ Yoast SEO plugin. -->","yoast_head_json":{"title":"Urgences - V\u00e9t\u00e9rinaire de Villepey","robots":{"index":"index","follow":"follow","max-snippet":"max-snippet:-1","max-image-preview":"max-image-preview:large","max-video-preview":"max-video-preview:-1"},"canonical":"https:\/\/veterinairedevillepey.com\/?page_id=368","og_locale":"fr_FR","og_type":"article","og_title":"Urgences - V\u00e9t\u00e9rinaire de Villepey","og_description":"Un probl\u00e8me de sant\u00e9 peut survenir \u00e0 tout moment. Notre cabinet prend en charge les urgences durant nos horaires d\u2019ouverture et vous conseille sur la d\u00e9marche \u00e0 suivre pour pr\u00e9parer l\u2019arriv\u00e9e de votre animal. T\u00e9l\u00e9phone urgences:\u00a004 56 12 32 82","og_url":"https:\/\/veterinairedevillepey.com\/?page_id=368","og_site_name":"V\u00e9t\u00e9rinaire de Villepey","article_publisher":"https:\/\/www.facebook.com\/profile.php?id=100090119490429","article_modified_time":"2025-11-30T08:35:21+00:00","twitter_card":"summary_large_image","twitter_misc":{"Dur\u00e9e de lecture estim\u00e9e":"1 minute"},"schema":{"@context":"https:\/\/schema.org","@graph":[{"@type":"WebPage","@id":"https:\/\/veterinairedevillepey.com\/?page_id=368","url":"https:\/\/veterinairedevillepey.com\/?page_id=368","name":"Urgences - V\u00e9t\u00e9rinaire de Villepey","isPartOf":{"@id":"https:\/\/veterinairedevillepey.com\/#website"},"datePublished":"2025-11-11T19:20:28+00:00","dateModified":"2025-11-30T08:35:21+00:00","breadcrumb":{"@id":"https:\/\/veterinairedevillepey.com\/?page_id=368#breadcrumb"},"inLanguage":"fr-FR","potentialAction":[{"@type":"ReadAction","target":["https:\/\/veterinairedevillepey.com\/?page_id=368"]}]},{"@type":"BreadcrumbList","@id":"https:\/\/veterinairedevillepey.com\/?page_id=368#breadcrumb","itemListElement":[{"@type":"ListItem","position":1,"name":"Accueil","item":"https:\/\/veterinairedevillepey.com\/"},{"@type":"ListItem","position":2,"name":"Urgences"}]},{"@type":"WebSite","@id":"https:\/\/veterinairedevillepey.com\/#website","url":"https:\/\/veterinairedevillepey.com\/","name":"V\u00c9T\u00c9RINAIRE \u00c0 SAINT-AYGULF, V\u00e9t\u00e9rinaire de Villepey","description":"Docteur v\u00e9t\u00e9rinaire Pierre Nicco","publisher":{"@id":"https:\/\/veterinairedevillepey.com\/#organization"},"potentialAction":[{"@type":"SearchAction","target":{"@type":"EntryPoint","urlTemplate":"https:\/\/veterinairedevillepey.com\/?s={search_term_string}"},"query-input":{"@type":"PropertyValueSpecification","valueRequired":true,"valueName":"search_term_string"}}],"inLanguage":"fr-FR"},{"@type":"Organization","@id":"https:\/\/veterinairedevillepey.com\/#organization","name":"SAINT-AYGULF, V\u00e9t\u00e9rinaire de Villepey","url":"https:\/\/veterinairedevillepey.com\/","logo":{"@type":"ImageObject","inLanguage":"fr-FR","@id":"https:\/\/veterinairedevillepey.com\/#\/schema\/logo\/image\/","url":"https:\/\/veterinairedevillepey.com\/wp-content\/uploads\/2025\/10\/cropped-LogoVillepey.jpg","contentUrl":"https:\/\/veterinairedevillepey.com\/wp-content\/uploads\/2025\/10\/cropped-LogoVillepey.jpg","width":499,"height":500,"caption":"SAINT-AYGULF, V\u00e9t\u00e9rinaire de Villepey"},"image":{"@id":"https:\/\/veterinairedevillepey.com\/#\/schema\/logo\/image\/"},"sameAs":["https:\/\/www.facebook.com\/profile.php?id=100090119490429"]}]}},"_links":{"self":[{"href":"https:\/\/veterinairedevillepey.com\/index.php?rest_route=\/wp\/v2\/pages\/368","targetHints":{"allow":["GET"]}}],"collection":[{"href":"https:\/\/veterinairedevillepey.com\/index.php?rest_route=\/wp\/v2\/pages"}],"about":[{"href":"https:\/\/veterinairedevillepey.com\/index.php?rest_route=\/wp\/v2\/types\/page"}],"author":[{"embeddable":true,"href":"https:\/\/veterinairedevillepey.com\/index.php?rest_route=\/wp\/v2\/users\/1"}],"replies":[{"embeddable":true,"href":"https:\/\/veterinairedevillepey.com\/index.php?rest_route=%2Fwp%2Fv2%2Fcomments&post=368"}],"version-history":[{"count":3,"href":"https:\/\/veterinairedevillepey.com\/index.php?rest_route=\/wp\/v2\/pages\/368\/revisions"}],"predecessor-version":[{"id":392,"href":"https:\/\/veterinairedevillepey.com\/index.php?rest_route=\/wp\/v2\/pages\/368\/revisions\/392"}],"wp:attachment":[{"href":"https:\/\/veterinairedevillepey.com\/index.php?rest_route=%2Fwp%2Fv2%2Fmedia&parent=368"}],"curies":[{"name":"wp","href":"https:\/\/api.w.org\/{rel}","templated":true}]}}