{"id":71,"date":"2025-10-27T21:59:49","date_gmt":"2025-10-27T21:59:49","guid":{"rendered":"https:\/\/veterinairedevillepey.com\/?page_id=71"},"modified":"2025-12-30T17:56:40","modified_gmt":"2025-12-30T17:56:40","slug":"la-structure","status":"publish","type":"page","link":"https:\/\/veterinairedevillepey.com\/?page_id=71","title":{"rendered":"La structure"},"content":{"rendered":"\n<div class=\"wp-block-group is-vertical is-layout-flex wp-container-core-group-is-layout-76a81b31 wp-block-group-is-layout-flex\">\n<blockquote class=\"wp-block-quote is-layout-flow wp-block-quote-is-layout-flow\">\n<p class=\"has-text-align-left has-medium-font-size\">V\u00e9t\u00e9rinaire de Villepey est un cabinet&nbsp;<strong>ind\u00e9pendant.<\/strong> <\/p>\n\n\n\n<p class=\"has-text-align-left has-medium-font-size\">Notre objectif est uniquement le bien-\u00eatre et la sant\u00e9 de vos animaux.<\/p>\n<\/blockquote>\n\n\n\n<div style=\"height:0px\" aria-hidden=\"true\" class=\"wp-block-spacer is-style-wide wp-container-content-d613cd94\"><\/div>\n\n\n\n<p class=\"has-medium-font-size\">&nbsp;<\/p>\n<\/div>\n\n\n\n<h2 class=\"wp-block-heading\"><strong>La salle de chirurgie<\/strong><\/h2>\n\n\n\n<figure class=\"wp-block-image size-large\"><img loading=\"lazy\" decoding=\"async\" width=\"849\" height=\"1024\" src=\"https:\/\/veterinairedevillepey.com\/wp-content\/uploads\/2025\/11\/IMG_8682-849x1024.jpg\" alt=\"\" class=\"wp-image-313\" srcset=\"https:\/\/veterinairedevillepey.com\/wp-content\/uploads\/2025\/11\/IMG_8682-849x1024.jpg 849w, https:\/\/veterinairedevillepey.com\/wp-content\/uploads\/2025\/11\/IMG_8682-249x300.jpg 249w, https:\/\/veterinairedevillepey.com\/wp-content\/uploads\/2025\/11\/IMG_8682-768x926.jpg 768w, https:\/\/veterinairedevillepey.com\/wp-content\/uploads\/2025\/11\/IMG_8682-1274x1536.jpg 1274w, https:\/\/veterinairedevillepey.com\/wp-content\/uploads\/2025\/11\/IMG_8682-1698x2048.jpg 1698w, https:\/\/veterinairedevillepey.com\/wp-content\/uploads\/2025\/11\/IMG_8682.jpg 1866w\" sizes=\"auto, (max-width: 849px) 100vw, 849px\" \/><\/figure>\n\n\n\n<p>Notre cabinet dispose d\u2019une&nbsp;<strong>salle de chirurgie enti\u00e8rement \u00e9quip\u00e9e<\/strong>, con\u00e7ue pour garantir la&nbsp;<strong>s\u00e9curit\u00e9, le confort et la prise en charge optimale<\/strong>&nbsp;de chaque patient.<\/p>\n\n\n\n<p>Les interventions sont r\u00e9alis\u00e9es sous&nbsp;<strong>anesth\u00e9sie gazeuse<\/strong>&nbsp;gr\u00e2ce \u00e0 un&nbsp;<strong>robot Mindray dot\u00e9 d\u2019un respirateur automatique<\/strong>, permettant un contr\u00f4le pr\u00e9cis et constant de la respiration de l\u2019animal tout au long de l\u2019acte chirurgical en cas de n\u00e9cessit\u00e9.<\/p>\n\n\n\n<p>Un&nbsp;<strong>monitoring Mindray de derni\u00e8re g\u00e9n\u00e9ration<\/strong>&nbsp;assure une&nbsp;<strong>surveillance compl\u00e8te<\/strong>&nbsp;des param\u00e8tres vitaux :&nbsp;<strong>capnographie, \u00e9lectrocardiogramme (ECG), temp\u00e9rature, pression art\u00e9rielle et saturation en oxyg\u00e8ne (SpO\u2082)<\/strong>. Cette technologie de pointe permet une vigilance continue et une r\u00e9activit\u00e9 imm\u00e9diate en cas de variation pathologiques.<\/p>\n\n\n\n<p>La&nbsp;<strong>table chirurgicale chauffante<\/strong>&nbsp;aide \u00e0 pr\u00e9venir l\u2019<strong>hypothermie<\/strong>, un risque fr\u00e9quent sous anesth\u00e9sie, en maintenant une temp\u00e9rature corporelle stable et confortable.<br>De plus, une&nbsp;<strong>pompe \u00e0 perfusion automatique<\/strong>&nbsp;permet d\u2019ajuster pr\u00e9cis\u00e9ment le d\u00e9bit de perfusion, notamment en cas d\u2019<strong>hypotension<\/strong>, afin de garantir une stabilit\u00e9 circulatoire optimale tout au long de l\u2019intervention.<\/p>\n\n\n\n<p>Gr\u00e2ce \u00e0 ces \u00e9quipements modernes et \u00e0 une&nbsp;<strong>\u00e9quipe form\u00e9e \u00e0 leur utilisation<\/strong>, nous assurons des&nbsp;<strong>interventions chirurgicales s\u00fbres, pr\u00e9cises et respectueuses du bien-\u00eatre animal<\/strong>.<\/p>\n\n\n\n<div style=\"height:100px\" aria-hidden=\"true\" class=\"wp-block-spacer\"><\/div>\n\n\n\n<h2 class=\"wp-block-heading\"><strong>Laboratoire d&rsquo;analyses<\/strong><\/h2>\n\n\n\n<figure class=\"wp-block-image size-large\"><img loading=\"lazy\" decoding=\"async\" width=\"1024\" height=\"877\" src=\"https:\/\/veterinairedevillepey.com\/wp-content\/uploads\/2025\/11\/IMG_8686-1-1024x877.jpg\" alt=\"\" class=\"wp-image-311\" srcset=\"https:\/\/veterinairedevillepey.com\/wp-content\/uploads\/2025\/11\/IMG_8686-1-1024x877.jpg 1024w, https:\/\/veterinairedevillepey.com\/wp-content\/uploads\/2025\/11\/IMG_8686-1-300x257.jpg 300w, https:\/\/veterinairedevillepey.com\/wp-content\/uploads\/2025\/11\/IMG_8686-1-768x658.jpg 768w, https:\/\/veterinairedevillepey.com\/wp-content\/uploads\/2025\/11\/IMG_8686-1-1536x1316.jpg 1536w, https:\/\/veterinairedevillepey.com\/wp-content\/uploads\/2025\/11\/IMG_8686-1.jpg 1866w\" sizes=\"auto, (max-width: 1024px) 100vw, 1024px\" \/><\/figure>\n\n\n\n<p>Notre cabinet est \u00e9quip\u00e9 d\u2019un&nbsp;<strong>laboratoire d\u2019analyses complet<\/strong>, permettant de&nbsp;<strong>r\u00e9aliser rapidement un large panel d\u2019examens<\/strong>&nbsp;directement sur place.<br>Cette autonomie nous offre la possibilit\u00e9 d\u2019obtenir des&nbsp;<strong>r\u00e9sultats fiables en quelques minutes<\/strong>, facilitant ainsi un&nbsp;<strong>diagnostic pr\u00e9cis et une prise en charge imm\u00e9diate<\/strong>&nbsp;de nos patients.<\/p>\n\n\n\n<p>Nos appareils d\u2019analyse permettent d\u2019examiner :<\/p>\n\n\n\n<ul class=\"wp-block-list\">\n<li>le&nbsp;<strong>sang<\/strong>&nbsp;(num\u00e9ration formule, biochimie, ionogramme) ;<\/li>\n\n\n\n<li>l\u2019<strong>urine<\/strong>&nbsp;(bilan urinaire, cristaux, infections..) ;<\/li>\n\n\n\n<li>ainsi que divers&nbsp;<strong>tests rapides<\/strong>&nbsp;(glyc\u00e9mie, tests hormonaux, d\u00e9pistages infectieux, etc.).<\/li>\n<\/ul>\n\n\n\n<p>Cette capacit\u00e9 d\u2019analyse sur site nous permet de&nbsp;<strong>surveiller l\u2019\u00e9volution de l\u2019\u00e9tat de sant\u00e9 des animaux en visite ou hospitalis\u00e9s<\/strong>, d\u2019<strong>ajuster les traitements en temps r\u00e9el<\/strong>, et d\u2019offrir un&nbsp;<strong>suivi m\u00e9dical personnalis\u00e9<\/strong>&nbsp;\u00e0 chaque patient.<\/p>\n\n\n\n<div style=\"height:100px\" aria-hidden=\"true\" class=\"wp-block-spacer\"><\/div>\n\n\n\n<h2 class=\"wp-block-heading\"><strong>Le chenil du cabinet v\u00e9t\u00e9rinaire<\/strong><\/h2>\n\n\n\n<figure class=\"wp-block-image size-large\"><img loading=\"lazy\" decoding=\"async\" width=\"1024\" height=\"707\" src=\"https:\/\/veterinairedevillepey.com\/wp-content\/uploads\/2025\/11\/570958034_792783917068918_1449185594573789897_n-1024x707.jpg\" alt=\"\" class=\"wp-image-361\" srcset=\"https:\/\/veterinairedevillepey.com\/wp-content\/uploads\/2025\/11\/570958034_792783917068918_1449185594573789897_n-1024x707.jpg 1024w, https:\/\/veterinairedevillepey.com\/wp-content\/uploads\/2025\/11\/570958034_792783917068918_1449185594573789897_n-300x207.jpg 300w, https:\/\/veterinairedevillepey.com\/wp-content\/uploads\/2025\/11\/570958034_792783917068918_1449185594573789897_n-768x531.jpg 768w, https:\/\/veterinairedevillepey.com\/wp-content\/uploads\/2025\/11\/570958034_792783917068918_1449185594573789897_n-1536x1061.jpg 1536w, https:\/\/veterinairedevillepey.com\/wp-content\/uploads\/2025\/11\/570958034_792783917068918_1449185594573789897_n.jpg 1866w\" sizes=\"auto, (max-width: 1024px) 100vw, 1024px\" \/><\/figure>\n\n\n\n<p>Notre cabinet dispose d\u2019un&nbsp;<strong>chenil moderne et enti\u00e8rement con\u00e7u pour le confort et la s\u00e9curit\u00e9 des animaux hospitalis\u00e9s<\/strong>.<br>L\u2019espace compte&nbsp;<strong>8 cages d\u2019hospitalisation<\/strong>, dont&nbsp;<strong>2 grandes cages sp\u00e9cialement adapt\u00e9es aux chiens<\/strong>.<\/p>\n\n\n\n<p>Toutes nos cages sont&nbsp;<strong>en inox<\/strong>, un mat\u00e9riau id\u00e9al pour garantir une&nbsp;<strong>hygi\u00e8ne optimale<\/strong>&nbsp;: il est facile \u00e0 nettoyer, d\u00e9sinfecter et r\u00e9siste parfaitement \u00e0 l\u2019humidit\u00e9.<br>Le&nbsp;<strong>sol et les murs du chenil sont enti\u00e8rement carrel\u00e9s<\/strong>, afin de maintenir une propret\u00e9 irr\u00e9prochable et de pr\u00e9venir toute accumulation de bact\u00e9ries.<\/p>\n\n\n\n<p>Chaque cage est \u00e9quip\u00e9e d\u2019un&nbsp;<strong>syst\u00e8me de fermeture s\u00e9curis\u00e9<\/strong>, emp\u00eachant toute ouverture depuis l\u2019int\u00e9rieur et assurant ainsi la&nbsp;<strong>s\u00e9curit\u00e9 et le bien-\u00eatre<\/strong>&nbsp;de nos patients pendant leur s\u00e9jour.<\/p>\n\n\n\n<p>Notre chenil est \u00e9galement \u00e9quip\u00e9 d\u2019un\u00a0<strong>concentrateur d\u2019oxyg\u00e8ne<\/strong>\u00a0d\u00e9di\u00e9 aux chiens n\u00e9cessitant un soutien respiratoire, ainsi que de\u00a0<strong>pompes \u00e0 perfusion automatiques<\/strong>\u00a0permettant d\u2019ajuster avec pr\u00e9cision le d\u00e9bit de perfusion, pour une\u00a0<strong>prise en charge m\u00e9dicale s\u00fbre et adapt\u00e9e \u00e0 chaque patient<\/strong>.<br>Les chiens hospitalis\u00e9s b\u00e9n\u00e9ficient d\u2019un\u00a0<strong>acc\u00e8s \u00e0 une cour ext\u00e9rieure s\u00e9curis\u00e9e de 25 m\u00b2<\/strong>, situ\u00e9e \u00e0 proximit\u00e9 de la\u00a0<strong>zone natura 2000 des \u00e9tangs de Villepey<\/strong>.Cet environnement calme et verdoyant leur permet de\u00a0<strong>se d\u00e9tendre, se d\u00e9gourdir les pattes et profiter d\u2019un moment d\u2019apaisement<\/strong>, tout en favorisant leur\u00a0<strong>bien-\u00eatre physique et \u00e9motionnel<\/strong>, quelle que soit la dur\u00e9e de leur hospitalisation.<\/p>\n\n\n\n<div style=\"height:100px\" aria-hidden=\"true\" class=\"wp-block-spacer\"><\/div>\n","protected":false},"excerpt":{"rendered":"<p>V\u00e9t\u00e9rinaire de Villepey est un cabinet&nbsp;ind\u00e9pendant. Notre objectif est uniquement le bien-\u00eatre et la sant\u00e9 de vos animaux. &nbsp; La salle de chirurgie Notre cabinet dispose d\u2019une&nbsp;salle de chirurgie enti\u00e8rement \u00e9quip\u00e9e, con\u00e7ue pour garantir la&nbsp;s\u00e9curit\u00e9, le confort et la prise en charge optimale&nbsp;de chaque patient. Les interventions sont r\u00e9alis\u00e9es sous&nbsp;anesth\u00e9sie gazeuse&nbsp;gr\u00e2ce \u00e0 un&nbsp;robot Mindray dot\u00e9<\/p>\n<div class=\"more-link\">\n             <a href=\"https:\/\/veterinairedevillepey.com\/?page_id=71\" class=\"theme-btn\"><span>Continue Reading <\/span><i class=\"bi bi-arrow-right\"><\/i><\/a>\n        <\/div>\n","protected":false},"author":1,"featured_media":0,"parent":0,"menu_order":0,"comment_status":"closed","ping_status":"closed","template":"","meta":{"footnotes":""},"class_list":["post-71","page","type-page","status-publish","hentry"],"yoast_head":"<!-- This site is optimized with the Yoast SEO plugin v27.4 - https:\/\/yoast.com\/product\/yoast-seo-wordpress\/ -->\n<title>La structure - V\u00e9t\u00e9rinaire de Villepey<\/title>\n<meta name=\"robots\" content=\"index, follow, max-snippet:-1, max-image-preview:large, max-video-preview:-1\" \/>\n<link rel=\"canonical\" href=\"https:\/\/veterinairedevillepey.com\/?page_id=71\" \/>\n<meta property=\"og:locale\" content=\"fr_FR\" \/>\n<meta property=\"og:type\" content=\"article\" \/>\n<meta property=\"og:title\" content=\"La structure - V\u00e9t\u00e9rinaire de Villepey\" \/>\n<meta property=\"og:description\" content=\"V\u00e9t\u00e9rinaire de Villepey est un cabinet&nbsp;ind\u00e9pendant. Notre objectif est uniquement le bien-\u00eatre et la sant\u00e9 de vos animaux. &nbsp; La salle de chirurgie Notre cabinet dispose d\u2019une&nbsp;salle de chirurgie enti\u00e8rement \u00e9quip\u00e9e, con\u00e7ue pour garantir la&nbsp;s\u00e9curit\u00e9, le confort et la prise en charge optimale&nbsp;de chaque patient. Les interventions sont r\u00e9alis\u00e9es sous&nbsp;anesth\u00e9sie gazeuse&nbsp;gr\u00e2ce \u00e0 un&nbsp;robot Mindray dot\u00e9        Continue Reading\" \/>\n<meta property=\"og:url\" content=\"https:\/\/veterinairedevillepey.com\/?page_id=71\" \/>\n<meta property=\"og:site_name\" content=\"V\u00e9t\u00e9rinaire de Villepey\" \/>\n<meta property=\"article:publisher\" content=\"https:\/\/www.facebook.com\/profile.php?id=100090119490429\" \/>\n<meta property=\"article:modified_time\" content=\"2025-12-30T17:56:40+00:00\" \/>\n<meta property=\"og:image\" content=\"https:\/\/veterinairedevillepey.com\/wp-content\/uploads\/2025\/11\/IMG_8682-849x1024.jpg\" \/>\n\t<meta property=\"og:image:width\" content=\"849\" \/>\n\t<meta property=\"og:image:height\" content=\"1024\" \/>\n\t<meta property=\"og:image:type\" content=\"image\/jpeg\" \/>\n<meta name=\"twitter:card\" content=\"summary_large_image\" \/>\n<meta name=\"twitter:label1\" content=\"Dur\u00e9e de lecture estim\u00e9e\" \/>\n\t<meta name=\"twitter:data1\" content=\"4 minutes\" \/>\n<script type=\"application\/ld+json\" class=\"yoast-schema-graph\">{\"@context\":\"https:\\\/\\\/schema.org\",\"@graph\":[{\"@type\":\"WebPage\",\"@id\":\"https:\\\/\\\/veterinairedevillepey.com\\\/?page_id=71\",\"url\":\"https:\\\/\\\/veterinairedevillepey.com\\\/?page_id=71\",\"name\":\"La structure - V\u00e9t\u00e9rinaire de Villepey\",\"isPartOf\":{\"@id\":\"https:\\\/\\\/veterinairedevillepey.com\\\/#website\"},\"primaryImageOfPage\":{\"@id\":\"https:\\\/\\\/veterinairedevillepey.com\\\/?page_id=71#primaryimage\"},\"image\":{\"@id\":\"https:\\\/\\\/veterinairedevillepey.com\\\/?page_id=71#primaryimage\"},\"thumbnailUrl\":\"https:\\\/\\\/veterinairedevillepey.com\\\/wp-content\\\/uploads\\\/2025\\\/11\\\/IMG_8682-849x1024.jpg\",\"datePublished\":\"2025-10-27T21:59:49+00:00\",\"dateModified\":\"2025-12-30T17:56:40+00:00\",\"breadcrumb\":{\"@id\":\"https:\\\/\\\/veterinairedevillepey.com\\\/?page_id=71#breadcrumb\"},\"inLanguage\":\"fr-FR\",\"potentialAction\":[{\"@type\":\"ReadAction\",\"target\":[\"https:\\\/\\\/veterinairedevillepey.com\\\/?page_id=71\"]}]},{\"@type\":\"ImageObject\",\"inLanguage\":\"fr-FR\",\"@id\":\"https:\\\/\\\/veterinairedevillepey.com\\\/?page_id=71#primaryimage\",\"url\":\"https:\\\/\\\/veterinairedevillepey.com\\\/wp-content\\\/uploads\\\/2025\\\/11\\\/IMG_8682.jpg\",\"contentUrl\":\"https:\\\/\\\/veterinairedevillepey.com\\\/wp-content\\\/uploads\\\/2025\\\/11\\\/IMG_8682.jpg\",\"width\":1866,\"height\":2250},{\"@type\":\"BreadcrumbList\",\"@id\":\"https:\\\/\\\/veterinairedevillepey.com\\\/?page_id=71#breadcrumb\",\"itemListElement\":[{\"@type\":\"ListItem\",\"position\":1,\"name\":\"Accueil\",\"item\":\"https:\\\/\\\/veterinairedevillepey.com\\\/\"},{\"@type\":\"ListItem\",\"position\":2,\"name\":\"La structure\"}]},{\"@type\":\"WebSite\",\"@id\":\"https:\\\/\\\/veterinairedevillepey.com\\\/#website\",\"url\":\"https:\\\/\\\/veterinairedevillepey.com\\\/\",\"name\":\"V\u00c9T\u00c9RINAIRE \u00c0 SAINT-AYGULF, V\u00e9t\u00e9rinaire de Villepey\",\"description\":\"Docteur v\u00e9t\u00e9rinaire Pierre Nicco\",\"publisher\":{\"@id\":\"https:\\\/\\\/veterinairedevillepey.com\\\/#organization\"},\"potentialAction\":[{\"@type\":\"SearchAction\",\"target\":{\"@type\":\"EntryPoint\",\"urlTemplate\":\"https:\\\/\\\/veterinairedevillepey.com\\\/?s={search_term_string}\"},\"query-input\":{\"@type\":\"PropertyValueSpecification\",\"valueRequired\":true,\"valueName\":\"search_term_string\"}}],\"inLanguage\":\"fr-FR\"},{\"@type\":\"Organization\",\"@id\":\"https:\\\/\\\/veterinairedevillepey.com\\\/#organization\",\"name\":\"SAINT-AYGULF, V\u00e9t\u00e9rinaire de Villepey\",\"url\":\"https:\\\/\\\/veterinairedevillepey.com\\\/\",\"logo\":{\"@type\":\"ImageObject\",\"inLanguage\":\"fr-FR\",\"@id\":\"https:\\\/\\\/veterinairedevillepey.com\\\/#\\\/schema\\\/logo\\\/image\\\/\",\"url\":\"https:\\\/\\\/veterinairedevillepey.com\\\/wp-content\\\/uploads\\\/2025\\\/10\\\/cropped-LogoVillepey.jpg\",\"contentUrl\":\"https:\\\/\\\/veterinairedevillepey.com\\\/wp-content\\\/uploads\\\/2025\\\/10\\\/cropped-LogoVillepey.jpg\",\"width\":499,\"height\":500,\"caption\":\"SAINT-AYGULF, V\u00e9t\u00e9rinaire de Villepey\"},\"image\":{\"@id\":\"https:\\\/\\\/veterinairedevillepey.com\\\/#\\\/schema\\\/logo\\\/image\\\/\"},\"sameAs\":[\"https:\\\/\\\/www.facebook.com\\\/profile.php?id=100090119490429\"]}]}<\/script>\n<!-- \/ Yoast SEO plugin. -->","yoast_head_json":{"title":"La structure - V\u00e9t\u00e9rinaire de Villepey","robots":{"index":"index","follow":"follow","max-snippet":"max-snippet:-1","max-image-preview":"max-image-preview:large","max-video-preview":"max-video-preview:-1"},"canonical":"https:\/\/veterinairedevillepey.com\/?page_id=71","og_locale":"fr_FR","og_type":"article","og_title":"La structure - V\u00e9t\u00e9rinaire de Villepey","og_description":"V\u00e9t\u00e9rinaire de Villepey est un cabinet&nbsp;ind\u00e9pendant. Notre objectif est uniquement le bien-\u00eatre et la sant\u00e9 de vos animaux. &nbsp; La salle de chirurgie Notre cabinet dispose d\u2019une&nbsp;salle de chirurgie enti\u00e8rement \u00e9quip\u00e9e, con\u00e7ue pour garantir la&nbsp;s\u00e9curit\u00e9, le confort et la prise en charge optimale&nbsp;de chaque patient. Les interventions sont r\u00e9alis\u00e9es sous&nbsp;anesth\u00e9sie gazeuse&nbsp;gr\u00e2ce \u00e0 un&nbsp;robot Mindray dot\u00e9        Continue Reading","og_url":"https:\/\/veterinairedevillepey.com\/?page_id=71","og_site_name":"V\u00e9t\u00e9rinaire de Villepey","article_publisher":"https:\/\/www.facebook.com\/profile.php?id=100090119490429","article_modified_time":"2025-12-30T17:56:40+00:00","og_image":[{"width":849,"height":1024,"url":"https:\/\/veterinairedevillepey.com\/wp-content\/uploads\/2025\/11\/IMG_8682-849x1024.jpg","type":"image\/jpeg"}],"twitter_card":"summary_large_image","twitter_misc":{"Dur\u00e9e de lecture estim\u00e9e":"4 minutes"},"schema":{"@context":"https:\/\/schema.org","@graph":[{"@type":"WebPage","@id":"https:\/\/veterinairedevillepey.com\/?page_id=71","url":"https:\/\/veterinairedevillepey.com\/?page_id=71","name":"La structure - V\u00e9t\u00e9rinaire de Villepey","isPartOf":{"@id":"https:\/\/veterinairedevillepey.com\/#website"},"primaryImageOfPage":{"@id":"https:\/\/veterinairedevillepey.com\/?page_id=71#primaryimage"},"image":{"@id":"https:\/\/veterinairedevillepey.com\/?page_id=71#primaryimage"},"thumbnailUrl":"https:\/\/veterinairedevillepey.com\/wp-content\/uploads\/2025\/11\/IMG_8682-849x1024.jpg","datePublished":"2025-10-27T21:59:49+00:00","dateModified":"2025-12-30T17:56:40+00:00","breadcrumb":{"@id":"https:\/\/veterinairedevillepey.com\/?page_id=71#breadcrumb"},"inLanguage":"fr-FR","potentialAction":[{"@type":"ReadAction","target":["https:\/\/veterinairedevillepey.com\/?page_id=71"]}]},{"@type":"ImageObject","inLanguage":"fr-FR","@id":"https:\/\/veterinairedevillepey.com\/?page_id=71#primaryimage","url":"https:\/\/veterinairedevillepey.com\/wp-content\/uploads\/2025\/11\/IMG_8682.jpg","contentUrl":"https:\/\/veterinairedevillepey.com\/wp-content\/uploads\/2025\/11\/IMG_8682.jpg","width":1866,"height":2250},{"@type":"BreadcrumbList","@id":"https:\/\/veterinairedevillepey.com\/?page_id=71#breadcrumb","itemListElement":[{"@type":"ListItem","position":1,"name":"Accueil","item":"https:\/\/veterinairedevillepey.com\/"},{"@type":"ListItem","position":2,"name":"La structure"}]},{"@type":"WebSite","@id":"https:\/\/veterinairedevillepey.com\/#website","url":"https:\/\/veterinairedevillepey.com\/","name":"V\u00c9T\u00c9RINAIRE \u00c0 SAINT-AYGULF, V\u00e9t\u00e9rinaire de Villepey","description":"Docteur v\u00e9t\u00e9rinaire Pierre Nicco","publisher":{"@id":"https:\/\/veterinairedevillepey.com\/#organization"},"potentialAction":[{"@type":"SearchAction","target":{"@type":"EntryPoint","urlTemplate":"https:\/\/veterinairedevillepey.com\/?s={search_term_string}"},"query-input":{"@type":"PropertyValueSpecification","valueRequired":true,"valueName":"search_term_string"}}],"inLanguage":"fr-FR"},{"@type":"Organization","@id":"https:\/\/veterinairedevillepey.com\/#organization","name":"SAINT-AYGULF, V\u00e9t\u00e9rinaire de Villepey","url":"https:\/\/veterinairedevillepey.com\/","logo":{"@type":"ImageObject","inLanguage":"fr-FR","@id":"https:\/\/veterinairedevillepey.com\/#\/schema\/logo\/image\/","url":"https:\/\/veterinairedevillepey.com\/wp-content\/uploads\/2025\/10\/cropped-LogoVillepey.jpg","contentUrl":"https:\/\/veterinairedevillepey.com\/wp-content\/uploads\/2025\/10\/cropped-LogoVillepey.jpg","width":499,"height":500,"caption":"SAINT-AYGULF, V\u00e9t\u00e9rinaire de Villepey"},"image":{"@id":"https:\/\/veterinairedevillepey.com\/#\/schema\/logo\/image\/"},"sameAs":["https:\/\/www.facebook.com\/profile.php?id=100090119490429"]}]}},"_links":{"self":[{"href":"https:\/\/veterinairedevillepey.com\/index.php?rest_route=\/wp\/v2\/pages\/71","targetHints":{"allow":["GET"]}}],"collection":[{"href":"https:\/\/veterinairedevillepey.com\/index.php?rest_route=\/wp\/v2\/pages"}],"about":[{"href":"https:\/\/veterinairedevillepey.com\/index.php?rest_route=\/wp\/v2\/types\/page"}],"author":[{"embeddable":true,"href":"https:\/\/veterinairedevillepey.com\/index.php?rest_route=\/wp\/v2\/users\/1"}],"replies":[{"embeddable":true,"href":"https:\/\/veterinairedevillepey.com\/index.php?rest_route=%2Fwp%2Fv2%2Fcomments&post=71"}],"version-history":[{"count":39,"href":"https:\/\/veterinairedevillepey.com\/index.php?rest_route=\/wp\/v2\/pages\/71\/revisions"}],"predecessor-version":[{"id":395,"href":"https:\/\/veterinairedevillepey.com\/index.php?rest_route=\/wp\/v2\/pages\/71\/revisions\/395"}],"wp:attachment":[{"href":"https:\/\/veterinairedevillepey.com\/index.php?rest_route=%2Fwp%2Fv2%2Fmedia&parent=71"}],"curies":[{"name":"wp","href":"https:\/\/api.w.org\/{rel}","templated":true}]}}