{"id":73,"date":"2025-10-27T22:00:04","date_gmt":"2025-10-27T22:00:04","guid":{"rendered":"https:\/\/veterinairedevillepey.com\/?page_id=73"},"modified":"2025-11-23T07:11:43","modified_gmt":"2025-11-23T07:11:43","slug":"lequipe","status":"publish","type":"page","link":"https:\/\/veterinairedevillepey.com\/?page_id=73","title":{"rendered":"L&rsquo;equipe"},"content":{"rendered":"\n<figure class=\"wp-block-image size-large is-resized\"><img loading=\"lazy\" decoding=\"async\" width=\"807\" height=\"1024\" src=\"https:\/\/veterinairedevillepey.com\/wp-content\/uploads\/2025\/11\/IMG_8708-807x1024.jpg\" alt=\"\" class=\"wp-image-378\" style=\"width:347px;height:auto\" srcset=\"https:\/\/veterinairedevillepey.com\/wp-content\/uploads\/2025\/11\/IMG_8708-807x1024.jpg 807w, https:\/\/veterinairedevillepey.com\/wp-content\/uploads\/2025\/11\/IMG_8708-236x300.jpg 236w, https:\/\/veterinairedevillepey.com\/wp-content\/uploads\/2025\/11\/IMG_8708-768x975.jpg 768w, https:\/\/veterinairedevillepey.com\/wp-content\/uploads\/2025\/11\/IMG_8708-1210x1536.jpg 1210w, https:\/\/veterinairedevillepey.com\/wp-content\/uploads\/2025\/11\/IMG_8708-1613x2048.jpg 1613w, https:\/\/veterinairedevillepey.com\/wp-content\/uploads\/2025\/11\/IMG_8708-scaled.jpg 2017w\" sizes=\"auto, (max-width: 807px) 100vw, 807px\" \/><\/figure>\n\n\n\n<h2 class=\"wp-block-heading\">V\u00e9t\u00e9rinaire<\/h2>\n\n\n\n<p>Dr <strong>Pierre Nicco<\/strong> Dipl\u00f4m\u00e9 de l\u2019<strong>Universit\u00e9 de Turin en 2019<\/strong>, cumule\u00a0<strong>plus de cinq ans d\u2019exp\u00e9rience<\/strong>\u00a0en soins v\u00e9t\u00e9rinaires. Il a notamment travaill\u00e9 dans le domaine des\u00a0<strong>urgences<\/strong>, avec de nombreuses\u00a0<strong>gardes de nuit<\/strong>, et a assur\u00e9 des\u00a0<strong>remplacements ponctuels dans plusieurs cabinets et cliniques v\u00e9t\u00e9rinaires<\/strong>.<\/p>\n\n\n\n<p>Apr\u00e8s 3 ans de visites \u00e0 domicile il a d\u00e9cid\u00e9 de cr\u00e9er le cabinet&nbsp; v\u00e9t\u00e9rianire de Villepey<strong>&nbsp;afin de mettre en pratique l\u2019ensemble de ses comp\u00e9tences<\/strong>&nbsp;et de proposer une&nbsp;<strong>prise en charge globale, centr\u00e9e sur la sant\u00e9 et le bien-\u00eatre de chaque animal<\/strong>.&nbsp;&nbsp;<br>En 2025, il a obtenu le&nbsp;<strong>CES d\u2019ophtalmologie v\u00e9t\u00e9rinaire<\/strong>&nbsp;\u00e0 l\u2019<strong>\u00c9cole Nationale V\u00e9t\u00e9rinaire de Toulouse<\/strong>, renfor\u00e7ant son expertise dans le diagnostic et le traitement des affections oculaires chez les animaux.<\/p>\n\n\n\n<p>Son parcours combine&nbsp;<strong>rigueur scientifique, exp\u00e9rience pratique et attention particuli\u00e8re au bien-\u00eatre des animaux<\/strong>, assurant \u00e0 chaque patient une&nbsp;<strong>prise en charge compl\u00e8te, s\u00fbre et adapt\u00e9e<\/strong>.<\/p>\n","protected":false},"excerpt":{"rendered":"<p>V\u00e9t\u00e9rinaire Dr Pierre Nicco Dipl\u00f4m\u00e9 de l\u2019Universit\u00e9 de Turin en 2019, cumule\u00a0plus de cinq ans d\u2019exp\u00e9rience\u00a0en soins v\u00e9t\u00e9rinaires. Il a notamment travaill\u00e9 dans le domaine des\u00a0urgences, avec de nombreuses\u00a0gardes de nuit, et a assur\u00e9 des\u00a0remplacements ponctuels dans plusieurs cabinets et cliniques v\u00e9t\u00e9rinaires. Apr\u00e8s 3 ans de visites \u00e0 domicile il a d\u00e9cid\u00e9 de cr\u00e9er le<\/p>\n<div class=\"more-link\">\n             <a href=\"https:\/\/veterinairedevillepey.com\/?page_id=73\" class=\"theme-btn\"><span>Continue Reading <\/span><i class=\"bi bi-arrow-right\"><\/i><\/a>\n        <\/div>\n","protected":false},"author":1,"featured_media":0,"parent":0,"menu_order":0,"comment_status":"closed","ping_status":"closed","template":"","meta":{"footnotes":""},"class_list":["post-73","page","type-page","status-publish","hentry"],"yoast_head":"<!-- This site is optimized with the Yoast SEO plugin v27.4 - https:\/\/yoast.com\/product\/yoast-seo-wordpress\/ -->\n<title>L&#039;equipe - V\u00e9t\u00e9rinaire de Villepey<\/title>\n<meta name=\"robots\" content=\"index, follow, max-snippet:-1, max-image-preview:large, max-video-preview:-1\" \/>\n<link rel=\"canonical\" href=\"https:\/\/veterinairedevillepey.com\/?page_id=73\" \/>\n<meta property=\"og:locale\" content=\"fr_FR\" \/>\n<meta property=\"og:type\" content=\"article\" \/>\n<meta property=\"og:title\" content=\"L&#039;equipe - V\u00e9t\u00e9rinaire de Villepey\" \/>\n<meta property=\"og:description\" content=\"V\u00e9t\u00e9rinaire Dr Pierre Nicco Dipl\u00f4m\u00e9 de l\u2019Universit\u00e9 de Turin en 2019, cumule\u00a0plus de cinq ans d\u2019exp\u00e9rience\u00a0en soins v\u00e9t\u00e9rinaires. Il a notamment travaill\u00e9 dans le domaine des\u00a0urgences, avec de nombreuses\u00a0gardes de nuit, et a assur\u00e9 des\u00a0remplacements ponctuels dans plusieurs cabinets et cliniques v\u00e9t\u00e9rinaires. Apr\u00e8s 3 ans de visites \u00e0 domicile il a d\u00e9cid\u00e9 de cr\u00e9er le        Continue Reading\" \/>\n<meta property=\"og:url\" content=\"https:\/\/veterinairedevillepey.com\/?page_id=73\" \/>\n<meta property=\"og:site_name\" content=\"V\u00e9t\u00e9rinaire de Villepey\" \/>\n<meta property=\"article:publisher\" content=\"https:\/\/www.facebook.com\/profile.php?id=100090119490429\" \/>\n<meta property=\"article:modified_time\" content=\"2025-11-23T07:11:43+00:00\" \/>\n<meta property=\"og:image\" content=\"https:\/\/veterinairedevillepey.com\/wp-content\/uploads\/2025\/11\/IMG_8708-scaled.jpg\" \/>\n\t<meta property=\"og:image:width\" content=\"2017\" \/>\n\t<meta property=\"og:image:height\" content=\"2560\" \/>\n\t<meta property=\"og:image:type\" content=\"image\/jpeg\" \/>\n<meta name=\"twitter:card\" content=\"summary_large_image\" \/>\n<meta name=\"twitter:label1\" content=\"Dur\u00e9e de lecture estim\u00e9e\" \/>\n\t<meta name=\"twitter:data1\" content=\"1 minute\" \/>\n<script type=\"application\/ld+json\" class=\"yoast-schema-graph\">{\"@context\":\"https:\\\/\\\/schema.org\",\"@graph\":[{\"@type\":\"WebPage\",\"@id\":\"https:\\\/\\\/veterinairedevillepey.com\\\/?page_id=73\",\"url\":\"https:\\\/\\\/veterinairedevillepey.com\\\/?page_id=73\",\"name\":\"L'equipe - V\u00e9t\u00e9rinaire de Villepey\",\"isPartOf\":{\"@id\":\"https:\\\/\\\/veterinairedevillepey.com\\\/#website\"},\"primaryImageOfPage\":{\"@id\":\"https:\\\/\\\/veterinairedevillepey.com\\\/?page_id=73#primaryimage\"},\"image\":{\"@id\":\"https:\\\/\\\/veterinairedevillepey.com\\\/?page_id=73#primaryimage\"},\"thumbnailUrl\":\"https:\\\/\\\/veterinairedevillepey.com\\\/wp-content\\\/uploads\\\/2025\\\/11\\\/IMG_8708-807x1024.jpg\",\"datePublished\":\"2025-10-27T22:00:04+00:00\",\"dateModified\":\"2025-11-23T07:11:43+00:00\",\"breadcrumb\":{\"@id\":\"https:\\\/\\\/veterinairedevillepey.com\\\/?page_id=73#breadcrumb\"},\"inLanguage\":\"fr-FR\",\"potentialAction\":[{\"@type\":\"ReadAction\",\"target\":[\"https:\\\/\\\/veterinairedevillepey.com\\\/?page_id=73\"]}]},{\"@type\":\"ImageObject\",\"inLanguage\":\"fr-FR\",\"@id\":\"https:\\\/\\\/veterinairedevillepey.com\\\/?page_id=73#primaryimage\",\"url\":\"https:\\\/\\\/veterinairedevillepey.com\\\/wp-content\\\/uploads\\\/2025\\\/11\\\/IMG_8708-scaled.jpg\",\"contentUrl\":\"https:\\\/\\\/veterinairedevillepey.com\\\/wp-content\\\/uploads\\\/2025\\\/11\\\/IMG_8708-scaled.jpg\",\"width\":2017,\"height\":2560},{\"@type\":\"BreadcrumbList\",\"@id\":\"https:\\\/\\\/veterinairedevillepey.com\\\/?page_id=73#breadcrumb\",\"itemListElement\":[{\"@type\":\"ListItem\",\"position\":1,\"name\":\"Accueil\",\"item\":\"https:\\\/\\\/veterinairedevillepey.com\\\/\"},{\"@type\":\"ListItem\",\"position\":2,\"name\":\"L&rsquo;equipe\"}]},{\"@type\":\"WebSite\",\"@id\":\"https:\\\/\\\/veterinairedevillepey.com\\\/#website\",\"url\":\"https:\\\/\\\/veterinairedevillepey.com\\\/\",\"name\":\"V\u00c9T\u00c9RINAIRE \u00c0 SAINT-AYGULF, V\u00e9t\u00e9rinaire de Villepey\",\"description\":\"Docteur v\u00e9t\u00e9rinaire Pierre Nicco\",\"publisher\":{\"@id\":\"https:\\\/\\\/veterinairedevillepey.com\\\/#organization\"},\"potentialAction\":[{\"@type\":\"SearchAction\",\"target\":{\"@type\":\"EntryPoint\",\"urlTemplate\":\"https:\\\/\\\/veterinairedevillepey.com\\\/?s={search_term_string}\"},\"query-input\":{\"@type\":\"PropertyValueSpecification\",\"valueRequired\":true,\"valueName\":\"search_term_string\"}}],\"inLanguage\":\"fr-FR\"},{\"@type\":\"Organization\",\"@id\":\"https:\\\/\\\/veterinairedevillepey.com\\\/#organization\",\"name\":\"SAINT-AYGULF, V\u00e9t\u00e9rinaire de Villepey\",\"url\":\"https:\\\/\\\/veterinairedevillepey.com\\\/\",\"logo\":{\"@type\":\"ImageObject\",\"inLanguage\":\"fr-FR\",\"@id\":\"https:\\\/\\\/veterinairedevillepey.com\\\/#\\\/schema\\\/logo\\\/image\\\/\",\"url\":\"https:\\\/\\\/veterinairedevillepey.com\\\/wp-content\\\/uploads\\\/2025\\\/10\\\/cropped-LogoVillepey.jpg\",\"contentUrl\":\"https:\\\/\\\/veterinairedevillepey.com\\\/wp-content\\\/uploads\\\/2025\\\/10\\\/cropped-LogoVillepey.jpg\",\"width\":499,\"height\":500,\"caption\":\"SAINT-AYGULF, V\u00e9t\u00e9rinaire de Villepey\"},\"image\":{\"@id\":\"https:\\\/\\\/veterinairedevillepey.com\\\/#\\\/schema\\\/logo\\\/image\\\/\"},\"sameAs\":[\"https:\\\/\\\/www.facebook.com\\\/profile.php?id=100090119490429\"]}]}<\/script>\n<!-- \/ Yoast SEO plugin. -->","yoast_head_json":{"title":"L'equipe - V\u00e9t\u00e9rinaire de Villepey","robots":{"index":"index","follow":"follow","max-snippet":"max-snippet:-1","max-image-preview":"max-image-preview:large","max-video-preview":"max-video-preview:-1"},"canonical":"https:\/\/veterinairedevillepey.com\/?page_id=73","og_locale":"fr_FR","og_type":"article","og_title":"L'equipe - V\u00e9t\u00e9rinaire de Villepey","og_description":"V\u00e9t\u00e9rinaire Dr Pierre Nicco Dipl\u00f4m\u00e9 de l\u2019Universit\u00e9 de Turin en 2019, cumule\u00a0plus de cinq ans d\u2019exp\u00e9rience\u00a0en soins v\u00e9t\u00e9rinaires. Il a notamment travaill\u00e9 dans le domaine des\u00a0urgences, avec de nombreuses\u00a0gardes de nuit, et a assur\u00e9 des\u00a0remplacements ponctuels dans plusieurs cabinets et cliniques v\u00e9t\u00e9rinaires. Apr\u00e8s 3 ans de visites \u00e0 domicile il a d\u00e9cid\u00e9 de cr\u00e9er le        Continue Reading","og_url":"https:\/\/veterinairedevillepey.com\/?page_id=73","og_site_name":"V\u00e9t\u00e9rinaire de Villepey","article_publisher":"https:\/\/www.facebook.com\/profile.php?id=100090119490429","article_modified_time":"2025-11-23T07:11:43+00:00","og_image":[{"width":2017,"height":2560,"url":"https:\/\/veterinairedevillepey.com\/wp-content\/uploads\/2025\/11\/IMG_8708-scaled.jpg","type":"image\/jpeg"}],"twitter_card":"summary_large_image","twitter_misc":{"Dur\u00e9e de lecture estim\u00e9e":"1 minute"},"schema":{"@context":"https:\/\/schema.org","@graph":[{"@type":"WebPage","@id":"https:\/\/veterinairedevillepey.com\/?page_id=73","url":"https:\/\/veterinairedevillepey.com\/?page_id=73","name":"L'equipe - V\u00e9t\u00e9rinaire de Villepey","isPartOf":{"@id":"https:\/\/veterinairedevillepey.com\/#website"},"primaryImageOfPage":{"@id":"https:\/\/veterinairedevillepey.com\/?page_id=73#primaryimage"},"image":{"@id":"https:\/\/veterinairedevillepey.com\/?page_id=73#primaryimage"},"thumbnailUrl":"https:\/\/veterinairedevillepey.com\/wp-content\/uploads\/2025\/11\/IMG_8708-807x1024.jpg","datePublished":"2025-10-27T22:00:04+00:00","dateModified":"2025-11-23T07:11:43+00:00","breadcrumb":{"@id":"https:\/\/veterinairedevillepey.com\/?page_id=73#breadcrumb"},"inLanguage":"fr-FR","potentialAction":[{"@type":"ReadAction","target":["https:\/\/veterinairedevillepey.com\/?page_id=73"]}]},{"@type":"ImageObject","inLanguage":"fr-FR","@id":"https:\/\/veterinairedevillepey.com\/?page_id=73#primaryimage","url":"https:\/\/veterinairedevillepey.com\/wp-content\/uploads\/2025\/11\/IMG_8708-scaled.jpg","contentUrl":"https:\/\/veterinairedevillepey.com\/wp-content\/uploads\/2025\/11\/IMG_8708-scaled.jpg","width":2017,"height":2560},{"@type":"BreadcrumbList","@id":"https:\/\/veterinairedevillepey.com\/?page_id=73#breadcrumb","itemListElement":[{"@type":"ListItem","position":1,"name":"Accueil","item":"https:\/\/veterinairedevillepey.com\/"},{"@type":"ListItem","position":2,"name":"L&rsquo;equipe"}]},{"@type":"WebSite","@id":"https:\/\/veterinairedevillepey.com\/#website","url":"https:\/\/veterinairedevillepey.com\/","name":"V\u00c9T\u00c9RINAIRE \u00c0 SAINT-AYGULF, V\u00e9t\u00e9rinaire de Villepey","description":"Docteur v\u00e9t\u00e9rinaire Pierre Nicco","publisher":{"@id":"https:\/\/veterinairedevillepey.com\/#organization"},"potentialAction":[{"@type":"SearchAction","target":{"@type":"EntryPoint","urlTemplate":"https:\/\/veterinairedevillepey.com\/?s={search_term_string}"},"query-input":{"@type":"PropertyValueSpecification","valueRequired":true,"valueName":"search_term_string"}}],"inLanguage":"fr-FR"},{"@type":"Organization","@id":"https:\/\/veterinairedevillepey.com\/#organization","name":"SAINT-AYGULF, V\u00e9t\u00e9rinaire de Villepey","url":"https:\/\/veterinairedevillepey.com\/","logo":{"@type":"ImageObject","inLanguage":"fr-FR","@id":"https:\/\/veterinairedevillepey.com\/#\/schema\/logo\/image\/","url":"https:\/\/veterinairedevillepey.com\/wp-content\/uploads\/2025\/10\/cropped-LogoVillepey.jpg","contentUrl":"https:\/\/veterinairedevillepey.com\/wp-content\/uploads\/2025\/10\/cropped-LogoVillepey.jpg","width":499,"height":500,"caption":"SAINT-AYGULF, V\u00e9t\u00e9rinaire de Villepey"},"image":{"@id":"https:\/\/veterinairedevillepey.com\/#\/schema\/logo\/image\/"},"sameAs":["https:\/\/www.facebook.com\/profile.php?id=100090119490429"]}]}},"_links":{"self":[{"href":"https:\/\/veterinairedevillepey.com\/index.php?rest_route=\/wp\/v2\/pages\/73","targetHints":{"allow":["GET"]}}],"collection":[{"href":"https:\/\/veterinairedevillepey.com\/index.php?rest_route=\/wp\/v2\/pages"}],"about":[{"href":"https:\/\/veterinairedevillepey.com\/index.php?rest_route=\/wp\/v2\/types\/page"}],"author":[{"embeddable":true,"href":"https:\/\/veterinairedevillepey.com\/index.php?rest_route=\/wp\/v2\/users\/1"}],"replies":[{"embeddable":true,"href":"https:\/\/veterinairedevillepey.com\/index.php?rest_route=%2Fwp%2Fv2%2Fcomments&post=73"}],"version-history":[{"count":4,"href":"https:\/\/veterinairedevillepey.com\/index.php?rest_route=\/wp\/v2\/pages\/73\/revisions"}],"predecessor-version":[{"id":383,"href":"https:\/\/veterinairedevillepey.com\/index.php?rest_route=\/wp\/v2\/pages\/73\/revisions\/383"}],"wp:attachment":[{"href":"https:\/\/veterinairedevillepey.com\/index.php?rest_route=%2Fwp%2Fv2%2Fmedia&parent=73"}],"curies":[{"name":"wp","href":"https:\/\/api.w.org\/{rel}","templated":true}]}}